{"id":90,"date":"2023-04-02T12:05:47","date_gmt":"2023-04-02T10:05:47","guid":{"rendered":"https:\/\/qepg.hu\/?page_id=90"},"modified":"2023-09-04T16:21:31","modified_gmt":"2023-09-04T14:21:31","slug":"bemutatkozas","status":"publish","type":"page","link":"https:\/\/qepg.hu\/","title":{"rendered":"Bemutatkoz\u00e1s"},"content":{"rendered":"<div class=\"wp-block-image is-style-rounded\">\n<figure class=\"aligncenter size-large is-resized\"><img loading=\"lazy\" decoding=\"async\" src=\"https:\/\/qepg.hu\/wp-content\/uploads\/2023\/08\/QE_f_FEHER_zoldvonallal-1024x1008.png\" alt=\"\" class=\"wp-image-302\" style=\"width:320px;height:400px\" width=\"320\" height=\"400\"\/><\/figure>\n<\/div>\n\n\n<p>Tiszteletem,<\/p>\n\n\n\n<p>Horv\u00e1th Attila vagyok, a Qualitas \u00c9p\u00fcletg\u00e9p\u00e9szet Kft. \u00fcgyvezet\u0151 igazgat\u00f3ja, \u00e9p\u00fcletg\u00e9p\u00e9sz, kl\u00edmaszerel\u0151.<\/p>\n\n\n\n<p>T\u00f6bb mint 10 \u00e9ves szakmai tapasztalattal \u00e1llunk a rendelkez\u00e9s\u00fckre, split-mobil kl\u00edma, folyad\u00e9kh\u0171t\u0151k, h\u0151szivatty\u00fak, ipari h\u0171t\u0151k, csoportos\u00edtott kl\u00edma berendez\u00e9sekkel kapcsolatban, esetileg, vagy teljesk\u00f6r\u0171en.<\/p>\n\n\n\n<p>A C\u00e9g\u00fcnk f\u0151 profilja a nagy rendszerek karbantart\u00e1sa, szerv\u00edzel\u00e9se. Ez\u00e9rt \u00e1ltal\u00e1ban a legt\u00f6bb munk\u00e1t az  \u00d6n\u00f6k idej\u00e9hez, ig\u00e9nyeihez igaz\u00edtjuk.<\/p>\n\n\n\n<p>Sz\u00e9lesk\u00f6r\u0171 m\u00e1rka \u00e9s term\u00e9kpalett\u00e1b\u00f3l k\u00edn\u00e1lunjuk a legjobb \u00e9s legn\u00e9pszer\u0171bb gy\u00e1rt\u00f3k term\u00e9keit, szolg\u00e1ltat\u00e1sainkat, melyet ak\u00e1r 1-1,5 h\u00e9ten bel\u00fcl \u00e9lvezhet is. Rugalmasak vagyunk, de a rugalmass\u00e1gunk f\u00fcgg a szezon\u00e1lis megkeres\u00e9sek mennyis\u00e9g\u00e9t\u0151l is. <\/p>\n\n\n\n<p>Felm\u00e9r\u00e9s \u00e1ltal\u00e1ban egy szaktan\u00e1csad\u00e1st is tartalmaz, fontos megjegyezni, hogy a k\u00e9sz\u00fcl\u00e9k teljes\u00edtm\u00e9nye, elhelyezked\u00e9se, mind az \u00fcgyf\u00e9l \u00e9rdekeit szolg\u00e1lj\u00e1k. Egy j\u00f3l megtervezett rendszer sok \u00e9vnyi gondtalans\u00e1got tud ny\u00fajtani, ami sz\u00e1munkra is megnyugtat\u00f3, mert min\u00e9l t\u00f6bb el\u00e9gedett \u00fcgyfel\u00fcnk van, ann\u00e1l elismertebbek lesz\u00fcnk.<\/p>\n\n\n\n<p>Szeretn\u00e9m t\u00e1j\u00e9koztatni, hogy az \u00e1rakat nem \u00e1ll m\u00f3dunkban el\u0151zetes felm\u00e9r\u00e9s n\u00e9lk\u00fcl, pontosan meg\u00e1llap\u00edtani. Az \u00e1rak, amiket esetlegesen felt\u00fcntet\u00fcnk a levelez\u00e9seink sor\u00e1n, a kivitelez\u00e9sn\u00e9l v\u00e1ltozhatnak. Ak\u00e1r kedvez\u0151bb \u00e1r is elk\u00e9pzelhez\u0151, a helysz\u00edn adotts\u00e1gait figyelembe v\u00e9ve. (Felhaszn\u00e1lt anyag, stb)<\/p>\n\n\n\n<p>Az \u00e1ltalunk beszerzett \u00e9s be\u00fczemelt k\u00e9sz\u00fcl\u00e9keken, a j\u00f3t\u00e1ll\u00e1st \u00e9s a garanci\u00e1t is mi \u00fcgyint\u00e9zz\u00fck \u00e9s \u00e9rv\u00e9nyes\u00edtj\u00fck. A teljesk\u00f6r\u0171 a garancia \u00e9rv\u00e9nyes\u00edt\u00e9se, amennyiben, a k\u00e9sz\u00fcl\u00e9ket \u00d6n\u00f6k szolg\u00e1ltatj\u00e1k, az \u00fcgyf\u00e9l feladata. Mi elv\u00e9gezz\u00fck a be\u00fczemel\u00e9s, telep\u00edt\u00e9s r\u00e1nk es\u0151 r\u00e9sz\u00e9t, munkalapot, szakv\u00e9lem\u00e9nyt is k\u00e9sz\u00edt\u00fcnk, mely sz\u00fcks\u00e9ges a j\u00f3t\u00e1ll\u00e1s \u00e9rv\u00e9nyes\u00edt\u00e9s\u00e9hez. (Az ut\u00e1naj\u00e1r\u00e1s\u00e1t az \u00fcgyf\u00e9lnek kell elv\u00e9geznie a k\u00e9sz\u00fcl\u00e9k beszerz\u00e9si hely\u00e9r\u0151l, legyen sz\u00f3 alkatr\u00e9szrendel\u00e9sr\u0151l, alkatr\u00e9sz cser\u00e9r\u0151l, term\u00e9kcser\u00e9r\u0151l vagy panasz\u00fcgyint\u00e9z\u00e9sr\u0151l.)<\/p>\n\n\n\n<p>Tov\u00e1bb\u00e1, egyszeri d\u00edjat sz\u00e1m\u00edtunk fel, minden olyan k\u00e9sz\u00fcl\u00e9kre, amit nem C\u00e9g\u00fcnk helyez \u00fczembe, (\u00fcgyint\u00e9z\u00e9s d\u00edj) melynek \u00f6sszege k\u00fclt\u00e9ri egys\u00e9genk\u00e9nt sz\u00e1m\u00edtand\u00f3. <br>A t\u0151l\u00fcnk v\u00e1s\u00e1rolt k\u00e9sz\u00fcl\u00e9kek \u00e1ra m\u00e1r tartalmazz\u00e1k ezt a k\u00f6lts\u00e9get.<\/p>\n\n\n\n<p>T\u00f6reksz\u00fcnk arra, hogy min\u00e9l kedvez\u0151bb \u00e1rakat tudjuk biztos\u00edtani \u00d6n\u00f6knek, azonban, a manaps\u00e1g \u00e9szlelhet\u0151, elsz\u00e1llt vagy sok esetben t\u00fal\u00e1razott anyag \u00e1r miatt neh\u00e9z megtal\u00e1lni a k\u00f6z\u00f6s nevez\u0151t. Min\u00e9l \u00f6sszetettebb egy adott megrendel\u00e9s, ann\u00e1l nagyobb kedvezm\u00e9ny\/engedm\u00e9nyt tudunk biztos\u00edtani. \u00c1ltal\u00e1nos \u00e1rszab\u00e1ssal, a fentiek tekintet\u00e9ben sajnos nem tudunk szolg\u00e1lni. Minden megkeres\u00e9s\u00fcket egy aj\u00e1nlatt\u00e9tel k\u00f6veti, mivel minden munka egyedi, \u00edgy az \u00e1raj\u00e1nlatok is szem\u00e9lyre szabottak. <br>P\u00e9ld\u00e1ul, t\u00f6bb k\u00e9sz\u00fcl\u00e9k karbantart\u00e1sa eset\u00e9n is kedvez\u0151bb \u00e1rat tudunk biztos\u00edtani, valamint, egy karbantart\u00e1s- telep\u00edt\u00e9s sor\u00e1n is \u00f6ssze tudjuk vonni az k\u00f6lts\u00e9geket. <\/p>\n\n\n\n<p>V\u00e1rom sz\u00edves megkeres\u00e9s\u00fcket, ahol a r\u00e9szleteket is \u00e1t tudjuk besz\u00e9lni \ud83d\ude42 <\/p>\n\n\n\n<p>Tov\u00e1bbi kellemes napot k\u00edv\u00e1nok.<br>\u00dcdv\u00f6zlettel: <\/p>\n\n\n\n<p>Horv\u00e1th Attila<br>\u00dcgyvezet\u0151 Igazgat\u00f3<br>Qualitas \u00c9p\u00fcletg\u00e9p\u00e9szeti Kft. <\/p>\n\n\n<div class=\"wp-block-image\">\n<figure class=\"aligncenter size-large\"><img loading=\"lazy\" decoding=\"async\" width=\"1024\" height=\"798\" src=\"https:\/\/qepg.hu\/wp-content\/uploads\/2023\/08\/Szolgaltatasok-1024x798.png\" alt=\"\" class=\"wp-image-364\" srcset=\"https:\/\/qepg.hu\/wp-content\/uploads\/2023\/08\/Szolgaltatasok-1024x798.png 1024w, https:\/\/qepg.hu\/wp-content\/uploads\/2023\/08\/Szolgaltatasok-300x234.png 300w, https:\/\/qepg.hu\/wp-content\/uploads\/2023\/08\/Szolgaltatasok-768x598.png 768w, https:\/\/qepg.hu\/wp-content\/uploads\/2023\/08\/Szolgaltatasok-1536x1196.png 1536w, https:\/\/qepg.hu\/wp-content\/uploads\/2023\/08\/Szolgaltatasok.png 1538w\" sizes=\"auto, (max-width: 1024px) 100vw, 1024px\" \/><\/figure>\n<\/div>\n\n<div class=\"wp-block-image\">\n<figure class=\"aligncenter size-large\"><img loading=\"lazy\" decoding=\"async\" width=\"1024\" height=\"585\" src=\"https:\/\/qepg.hu\/wp-content\/uploads\/2023\/08\/Partnerek_assemb_1000px-1024x585.png\" alt=\"\" class=\"wp-image-251\" srcset=\"https:\/\/qepg.hu\/wp-content\/uploads\/2023\/08\/Partnerek_assemb_1000px-1024x585.png 1024w, https:\/\/qepg.hu\/wp-content\/uploads\/2023\/08\/Partnerek_assemb_1000px-300x171.png 300w, https:\/\/qepg.hu\/wp-content\/uploads\/2023\/08\/Partnerek_assemb_1000px-768x439.png 768w, https:\/\/qepg.hu\/wp-content\/uploads\/2023\/08\/Partnerek_assemb_1000px-1536x878.png 1536w, https:\/\/qepg.hu\/wp-content\/uploads\/2023\/08\/Partnerek_assemb_1000px.png 1750w\" sizes=\"auto, (max-width: 1024px) 100vw, 1024px\" \/><\/figure>\n<\/div>","protected":false},"excerpt":{"rendered":"<p>Tiszteletem, Horv\u00e1th Attila vagyok, a Qualitas \u00c9p\u00fcletg\u00e9p\u00e9szet Kft. \u00fcgyvezet\u0151 igazgat\u00f3ja, \u00e9p\u00fcletg\u00e9p\u00e9sz, kl\u00edmaszerel\u0151. T\u00f6bb mint 10 \u00e9ves szakmai tapasztalattal \u00e1llunk a rendelkez\u00e9s\u00fckre, split-mobil kl\u00edma, folyad\u00e9kh\u0171t\u0151k, h\u0151szivatty\u00fak, ipari h\u0171t\u0151k, csoportos\u00edtott kl\u00edma berendez\u00e9sekkel kapcsolatban, esetileg, vagy teljesk\u00f6r\u0171en. A C\u00e9g\u00fcnk f\u0151 profilja a nagy rendszerek karbantart\u00e1sa, szerv\u00edzel\u00e9se. Ez\u00e9rt \u00e1ltal\u00e1ban a legt\u00f6bb munk\u00e1t az \u00d6n\u00f6k [&hellip;]<\/p>\n","protected":false},"author":1,"featured_media":0,"parent":0,"menu_order":0,"comment_status":"closed","ping_status":"closed","template":"","meta":{"footnotes":""},"class_list":["post-90","page","type-page","status-publish","hentry"],"_links":{"self":[{"href":"https:\/\/qepg.hu\/index.php\/wp-json\/wp\/v2\/pages\/90","targetHints":{"allow":["GET"]}}],"collection":[{"href":"https:\/\/qepg.hu\/index.php\/wp-json\/wp\/v2\/pages"}],"about":[{"href":"https:\/\/qepg.hu\/index.php\/wp-json\/wp\/v2\/types\/page"}],"author":[{"embeddable":true,"href":"https:\/\/qepg.hu\/index.php\/wp-json\/wp\/v2\/users\/1"}],"replies":[{"embeddable":true,"href":"https:\/\/qepg.hu\/index.php\/wp-json\/wp\/v2\/comments?post=90"}],"version-history":[{"count":23,"href":"https:\/\/qepg.hu\/index.php\/wp-json\/wp\/v2\/pages\/90\/revisions"}],"predecessor-version":[{"id":421,"href":"https:\/\/qepg.hu\/index.php\/wp-json\/wp\/v2\/pages\/90\/revisions\/421"}],"wp:attachment":[{"href":"https:\/\/qepg.hu\/index.php\/wp-json\/wp\/v2\/media?parent=90"}],"curies":[{"name":"wp","href":"https:\/\/api.w.org\/{rel}","templated":true}]}}