{"id":47,"date":"2023-03-11T19:11:56","date_gmt":"2023-03-11T18:11:56","guid":{"rendered":"https:\/\/qepg.hu\/?page_id=47"},"modified":"2023-08-09T14:53:27","modified_gmt":"2023-08-09T12:53:27","slug":"termekek","status":"publish","type":"page","link":"https:\/\/qepg.hu\/index.php\/termekek\/","title":{"rendered":"Term\u00e9kek"},"content":{"rendered":"<div class=\"wp-block-image\">\n<figure class=\"aligncenter size-full\"><a href=\"https:\/\/qepg.hu\/index.php\/split-klima\/\"><img loading=\"lazy\" decoding=\"async\" width=\"100\" height=\"100\" src=\"https:\/\/qepg.hu\/wp-content\/uploads\/2023\/07\/Legkondi.png\" alt=\"\" class=\"wp-image-194\"\/><\/a><\/figure>\n<\/div>\n\n\n<p class=\"has-text-align-center\"><a href=\"https:\/\/qepg.hu\/index.php\/split-klima\/\">Split kl\u00edm\u00e1k<\/a><\/p>\n\n\n\n<hr class=\"wp-block-separator has-alpha-channel-opacity\"\/>\n\n\n<div class=\"wp-block-image\">\n<figure class=\"aligncenter size-full is-resized\"><a href=\"https:\/\/qepg.hu\/index.php\/mobil-klima\/\"><img loading=\"lazy\" decoding=\"async\" src=\"https:\/\/qepg.hu\/wp-content\/uploads\/2023\/08\/portable-ac.png\" alt=\"\" class=\"wp-image-394\" style=\"width:125px;height:125px\" width=\"125\" height=\"125\" srcset=\"https:\/\/qepg.hu\/wp-content\/uploads\/2023\/08\/portable-ac.png 512w, https:\/\/qepg.hu\/wp-content\/uploads\/2023\/08\/portable-ac-300x300.png 300w, https:\/\/qepg.hu\/wp-content\/uploads\/2023\/08\/portable-ac-150x150.png 150w\" sizes=\"auto, (max-width: 125px) 100vw, 125px\" \/><\/a><\/figure>\n<\/div>\n\n\n<p class=\"has-text-align-center\"><a href=\"https:\/\/qepg.hu\/index.php\/mobil-klima\/\" data-type=\"URL\" data-id=\"https:\/\/qepg.hu\/index.php\/mobil-klima\/\">Mobil kl\u00edm\u00e1k<\/a><\/p>\n\n\n\n<hr class=\"wp-block-separator has-alpha-channel-opacity\"\/>\n\n\n<div class=\"wp-block-image\">\n<figure class=\"aligncenter size-full is-resized\"><a href=\"ttps:\/\/qepg.hu\/index.php\/hoszivattyuk\/\"><img loading=\"lazy\" decoding=\"async\" src=\"https:\/\/qepg.hu\/wp-content\/uploads\/2023\/08\/air-source-heat-pump.png\" alt=\"\" class=\"wp-image-395\" style=\"width:114px;height:114px\" width=\"114\" height=\"114\" srcset=\"https:\/\/qepg.hu\/wp-content\/uploads\/2023\/08\/air-source-heat-pump.png 512w, https:\/\/qepg.hu\/wp-content\/uploads\/2023\/08\/air-source-heat-pump-300x300.png 300w, https:\/\/qepg.hu\/wp-content\/uploads\/2023\/08\/air-source-heat-pump-150x150.png 150w\" sizes=\"auto, (max-width: 114px) 100vw, 114px\" \/><\/a><\/figure>\n<\/div>\n\n\n<p class=\"has-text-align-center\"><a href=\"https:\/\/qepg.hu\/index.php\/hoszivattyuk\/\" data-type=\"page\" data-id=\"157\">H\u0151szivatty\u00fak<\/a><\/p>\n\n\n\n<hr class=\"wp-block-separator has-alpha-channel-opacity\"\/>\n\n\n<div class=\"wp-block-image\">\n<figure class=\"aligncenter size-full is-resized\"><a href=\"https:\/\/www.meleget.hu\/index.php?route=filter&amp;filter=category|648\/manufacturer|115\"><img loading=\"lazy\" decoding=\"async\" src=\"https:\/\/qepg.hu\/wp-content\/uploads\/2023\/08\/water-boiler-1-1.png\" alt=\"\" class=\"wp-image-397\" style=\"width:116px;height:116px\" width=\"116\" height=\"116\" srcset=\"https:\/\/qepg.hu\/wp-content\/uploads\/2023\/08\/water-boiler-1-1.png 512w, https:\/\/qepg.hu\/wp-content\/uploads\/2023\/08\/water-boiler-1-1-300x300.png 300w, https:\/\/qepg.hu\/wp-content\/uploads\/2023\/08\/water-boiler-1-1-150x150.png 150w\" sizes=\"auto, (max-width: 116px) 100vw, 116px\" \/><\/a><\/figure>\n<\/div>\n\n\n<p class=\"has-text-align-center\"><a rel=\"noreferrer noopener\" href=\"https:\/\/www.meleget.hu\/index.php?route=filter&amp;filter=category|648\/manufacturer|115\" data-type=\"URL\" data-id=\"https:\/\/www.meleget.hu\/index.php?route=filter&amp;filter=category|648\/manufacturer|115\" target=\"_blank\">Elektromos bojler<\/a><\/p>\n\n\n\n<hr class=\"wp-block-separator has-alpha-channel-opacity\"\/>\n\n\n<div class=\"wp-block-image\">\n<figure class=\"aligncenter size-full is-resized\"><a href=\"https:\/\/qepg.hu\/index.php\/hosugarzok\/\"><img loading=\"lazy\" decoding=\"async\" src=\"https:\/\/qepg.hu\/wp-content\/uploads\/2023\/08\/room-heater.png\" alt=\"\" class=\"wp-image-398\" style=\"width:116px;height:116px\" width=\"116\" height=\"116\" srcset=\"https:\/\/qepg.hu\/wp-content\/uploads\/2023\/08\/room-heater.png 512w, https:\/\/qepg.hu\/wp-content\/uploads\/2023\/08\/room-heater-300x300.png 300w, https:\/\/qepg.hu\/wp-content\/uploads\/2023\/08\/room-heater-150x150.png 150w\" sizes=\"auto, (max-width: 116px) 100vw, 116px\" \/><\/a><\/figure>\n<\/div>\n\n\n<p class=\"has-text-align-center\"><a rel=\"noreferrer noopener\" href=\"https:\/\/qepg.hu\/index.php\/hosugarzok\/\" data-type=\"URL\" data-id=\"https:\/\/qepg.hu\/index.php\/hosugarzok\/\" target=\"_blank\">H\u0151sug\u00e1rz\u00f3k<\/a><\/p>\n\n\n\n<hr class=\"wp-block-separator has-alpha-channel-opacity\"\/>\n\n\n<div class=\"wp-block-image\">\n<figure class=\"aligncenter size-full is-resized\"><img loading=\"lazy\" decoding=\"async\" src=\"https:\/\/qepg.hu\/wp-content\/uploads\/2023\/08\/kollazs_1.png\" alt=\"\" class=\"wp-image-249\" style=\"width:478px;height:250px\" width=\"478\" height=\"250\" srcset=\"https:\/\/qepg.hu\/wp-content\/uploads\/2023\/08\/kollazs_1.png 310w, https:\/\/qepg.hu\/wp-content\/uploads\/2023\/08\/kollazs_1-300x157.png 300w\" sizes=\"auto, (max-width: 478px) 100vw, 478px\" \/><\/figure>\n<\/div>","protected":false},"excerpt":{"rendered":"<p>Split kl\u00edm\u00e1k Mobil kl\u00edm\u00e1k H\u0151szivatty\u00fak Elektromos bojler H\u0151sug\u00e1rz\u00f3k<\/p>\n","protected":false},"author":1,"featured_media":0,"parent":0,"menu_order":0,"comment_status":"closed","ping_status":"closed","template":"","meta":{"footnotes":""},"class_list":["post-47","page","type-page","status-publish","hentry"],"_links":{"self":[{"href":"https:\/\/qepg.hu\/index.php\/wp-json\/wp\/v2\/pages\/47","targetHints":{"allow":["GET"]}}],"collection":[{"href":"https:\/\/qepg.hu\/index.php\/wp-json\/wp\/v2\/pages"}],"about":[{"href":"https:\/\/qepg.hu\/index.php\/wp-json\/wp\/v2\/types\/page"}],"author":[{"embeddable":true,"href":"https:\/\/qepg.hu\/index.php\/wp-json\/wp\/v2\/users\/1"}],"replies":[{"embeddable":true,"href":"https:\/\/qepg.hu\/index.php\/wp-json\/wp\/v2\/comments?post=47"}],"version-history":[{"count":23,"href":"https:\/\/qepg.hu\/index.php\/wp-json\/wp\/v2\/pages\/47\/revisions"}],"predecessor-version":[{"id":403,"href":"https:\/\/qepg.hu\/index.php\/wp-json\/wp\/v2\/pages\/47\/revisions\/403"}],"wp:attachment":[{"href":"https:\/\/qepg.hu\/index.php\/wp-json\/wp\/v2\/media?parent=47"}],"curies":[{"name":"wp","href":"https:\/\/api.w.org\/{rel}","templated":true}]}}