{"id":170,"date":"2023-05-11T19:01:06","date_gmt":"2023-05-11T17:01:06","guid":{"rendered":"https:\/\/qepg.hu\/?page_id=170"},"modified":"2023-05-11T19:01:06","modified_gmt":"2023-05-11T17:01:06","slug":"hosugarzok","status":"publish","type":"page","link":"https:\/\/qepg.hu\/index.php\/hosugarzok\/","title":{"rendered":"H\u0151sug\u00e1rz\u00f3k"},"content":{"rendered":"\n<p class=\"has-text-align-center\"><a href=\"https:\/\/www.stiebel-eltron.hu\/hu\/termekek-es-megoldasok\/helyisegfutes\/elektromos_futoberendezes\/osszes-termek.html\" data-type=\"URL\" data-id=\"https:\/\/www.stiebel-eltron.hu\/hu\/termekek-es-megoldasok\/helyisegfutes\/elektromos_futoberendezes\/osszes-termek.html\" target=\"_blank\" rel=\"noreferrer noopener\">H\u0151sug\u00e1rz\u00f3k<\/a><\/p>\n\n\n\n<figure class=\"wp-block-image size-full\"><a href=\"https:\/\/www.stiebel-eltron.hu\/hu\/termekek-es-megoldasok\/helyisegfutes\/elektromos_futoberendezes\/osszes-termek.html\" target=\"_blank\" rel=\"noreferrer noopener\"><img loading=\"lazy\" decoding=\"async\" width=\"796\" height=\"581\" src=\"https:\/\/qepg.hu\/wp-content\/uploads\/2023\/05\/hosugarzo.png\" alt=\"\" class=\"wp-image-171\" srcset=\"https:\/\/qepg.hu\/wp-content\/uploads\/2023\/05\/hosugarzo.png 796w, https:\/\/qepg.hu\/wp-content\/uploads\/2023\/05\/hosugarzo-300x219.png 300w, https:\/\/qepg.hu\/wp-content\/uploads\/2023\/05\/hosugarzo-768x561.png 768w\" sizes=\"auto, (max-width: 796px) 100vw, 796px\" \/><\/a><\/figure>\n","protected":false},"excerpt":{"rendered":"<p>H\u0151sug\u00e1rz\u00f3k<\/p>\n","protected":false},"author":1,"featured_media":0,"parent":0,"menu_order":0,"comment_status":"closed","ping_status":"closed","template":"","meta":{"footnotes":""},"class_list":["post-170","page","type-page","status-publish","hentry"],"_links":{"self":[{"href":"https:\/\/qepg.hu\/index.php\/wp-json\/wp\/v2\/pages\/170","targetHints":{"allow":["GET"]}}],"collection":[{"href":"https:\/\/qepg.hu\/index.php\/wp-json\/wp\/v2\/pages"}],"about":[{"href":"https:\/\/qepg.hu\/index.php\/wp-json\/wp\/v2\/types\/page"}],"author":[{"embeddable":true,"href":"https:\/\/qepg.hu\/index.php\/wp-json\/wp\/v2\/users\/1"}],"replies":[{"embeddable":true,"href":"https:\/\/qepg.hu\/index.php\/wp-json\/wp\/v2\/comments?post=170"}],"version-history":[{"count":1,"href":"https:\/\/qepg.hu\/index.php\/wp-json\/wp\/v2\/pages\/170\/revisions"}],"predecessor-version":[{"id":172,"href":"https:\/\/qepg.hu\/index.php\/wp-json\/wp\/v2\/pages\/170\/revisions\/172"}],"wp:attachment":[{"href":"https:\/\/qepg.hu\/index.php\/wp-json\/wp\/v2\/media?parent=170"}],"curies":[{"name":"wp","href":"https:\/\/api.w.org\/{rel}","templated":true}]}}